{"id":792,"date":"2014-02-25T22:05:07","date_gmt":"2014-02-25T21:05:07","guid":{"rendered":"http:\/\/www.aavvtempranales.com\/blog\/?page_id=792"},"modified":"2014-05-05T17:48:44","modified_gmt":"2014-05-05T15:48:44","slug":"incompetencia-tsj","status":"publish","type":"page","link":"https:\/\/www.aavvtempranales.com\/blog\/acciones\/entidad-de-conservacion\/incompetencia-tsj\/","title":{"rendered":"Incompetencia del TSJM y posterior admisi\u00f3n a tr\u00e1mite del Juzgado Contencioso"},"content":{"rendered":"<p style=\"text-align: justify;\">El 19 de noviembre de 2013, el Bolet\u00edn Oficial de la Comunidad de Madrid public\u00f3 el anuncio de la desestimaci\u00f3n de la mayor\u00eda de las 853 alegaciones presentadas por los vecinos del barrio. En el propio anuncio, y en las notificaciones que recibimos en nuestros domicilios, se pod\u00eda leer que \u201c<i>contra el precedente acuerdo, que pone fin a la v\u00eda administrativa, podr\u00e1 interponerse recurso contencioso-administrativo\u00a0<b>ante la correspondiente Sala de lo contencioso-administrativo del Tribunal Superior de Justicia de Madrid<\/b><\/i>\u201d.<\/p>\n<p style=\"text-align: justify;\">La Asociaci\u00f3n de Vecinos de Tempranales present\u00f3 recurso contencioso-administrativo ante el citado Tribunal, que con fecha 6 de febrero de 2014\u00a0<strong>dict\u00f3 un Auto en el que se declara que no es competente<\/strong>\u00a0para conocer del recurso interpuesto por la Asociaci\u00f3n contra los Estatutos de la Entidad de Conservaci\u00f3n, emplaz\u00e1ndonos a interponer el recurso en los Juzgados de los Contencioso-Administrativo.<\/p>\n<p style=\"text-align: justify;\">Este hecho avala, nuevamente, la\u00a0<strong><span style=\"color: #74122e;\">falta de rigor y la indefensi\u00f3n\u00a0<\/span>\u00a0<\/strong>que est\u00e1 provocando el Ayuntamiento a los vecinos con unos acuerdos adoptados por el gobierno municipal que dan lugar a equ\u00edvocos impropios en una Administraci\u00f3n P\u00fablica.<\/p>\n<p style=\"text-align: justify;\">Asimismo, para la defensa de los intereses de los vecinos y vecinas del barrio, la Asociaci\u00f3n remiti\u00f3 el recurso a los Juzgados de lo Contencioso-Administrativo .<\/p>\n<p style=\"text-align: justify;\">El Juzgado de lo Contencioso-Administrativo n\u00ba 5 de Madrid dict\u00f3\u00a0el 25 de marzo decreto por el cual <span style=\"color: #74122e;\"><strong>se admit\u00eda a tr\u00e1mite<\/strong><\/span> el recurso interpuesto por la <strong><span style=\"color: #74122e;\">ASOCIACI\u00d3N DE VECINOS DE TEMPRANALES<\/span><\/strong>.<\/p>\n<h4><span style=\"color: #74122e;\">Te puede interesar\u2026<\/span><\/h4>\n<ul>\n<li><a title=\"Recurso de reposici\u00f3n\" href=\"http:\/\/www.aavvtempranales.com\/blog\/acciones\/entidad-de-conservacion\/recurso-de-reposicion\/\">Recurso de reposici\u00f3n<\/a><\/li>\n<li><a title=\"Asamblea Vecinal\" href=\"http:\/\/www.aavvtempranales.com\/blog\/acciones\/entidad-de-conservacion\/asamblea-vecinal\/\">Asamblea Vecinal<\/a><\/li>\n<li><a title=\"Designaci\u00f3n de letrado\" href=\"http:\/\/www.aavvtempranales.com\/blog\/acciones\/entidad-de-conservacion\/designacion-de-letrado\/\">Designaci\u00f3n de Letrado<\/a><\/li>\n<li><a title=\"Motivos por los que recurrimos ante la Justicia\" href=\"http:\/\/www.aavvtempranales.com\/blog\/acciones\/entidad-de-conservacion\/motivoscontencioso\/\">Motivos por los que recurrimos ante la Justicia<\/a><\/li>\n<li><a href=\"http:\/\/www.aavvtempranales.com\/blog\/wp-content\/uploads\/2014\/01\/InadRepos.pdf\">Escrito de inadmisi\u00f3n del recurso de reposici\u00f3n<\/a><\/li>\n<\/ul>\n","protected":false},"excerpt":{"rendered":"<p>El 19 de noviembre de 2013, el Bolet\u00edn Oficial de la Comunidad de Madrid public\u00f3 el anuncio de la desestimaci\u00f3n de la mayor\u00eda de las 853 alegaciones presentadas por los vecinos del barrio. En el propio anuncio, y en las notificaciones que recibimos en nuestros domicilios, se pod\u00eda leer que \u201ccontra el precedente acuerdo, que &hellip; <\/p>\n<p><a class=\"more-link btn\" href=\"https:\/\/www.aavvtempranales.com\/blog\/acciones\/entidad-de-conservacion\/incompetencia-tsj\/\">Seguir leyendo<\/a><\/p>\n","protected":false},"author":5,"featured_media":0,"parent":481,"menu_order":5,"comment_status":"closed","ping_status":"open","template":"","meta":{"footnotes":""},"class_list":["post-792","page","type-page","status-publish","hentry","nodate","item-wrap"],"jetpack_sharing_enabled":true,"_links":{"self":[{"href":"https:\/\/www.aavvtempranales.com\/blog\/wp-json\/wp\/v2\/pages\/792","targetHints":{"allow":["GET"]}}],"collection":[{"href":"https:\/\/www.aavvtempranales.com\/blog\/wp-json\/wp\/v2\/pages"}],"about":[{"href":"https:\/\/www.aavvtempranales.com\/blog\/wp-json\/wp\/v2\/types\/page"}],"author":[{"embeddable":true,"href":"https:\/\/www.aavvtempranales.com\/blog\/wp-json\/wp\/v2\/users\/5"}],"replies":[{"embeddable":true,"href":"https:\/\/www.aavvtempranales.com\/blog\/wp-json\/wp\/v2\/comments?post=792"}],"version-history":[{"count":4,"href":"https:\/\/www.aavvtempranales.com\/blog\/wp-json\/wp\/v2\/pages\/792\/revisions"}],"predecessor-version":[{"id":1238,"href":"https:\/\/www.aavvtempranales.com\/blog\/wp-json\/wp\/v2\/pages\/792\/revisions\/1238"}],"up":[{"embeddable":true,"href":"https:\/\/www.aavvtempranales.com\/blog\/wp-json\/wp\/v2\/pages\/481"}],"wp:attachment":[{"href":"https:\/\/www.aavvtempranales.com\/blog\/wp-json\/wp\/v2\/media?parent=792"}],"curies":[{"name":"wp","href":"https:\/\/api.w.org\/{rel}","templated":true}]}}