{"id":808,"date":"2014-03-05T00:00:31","date_gmt":"2014-03-04T23:00:31","guid":{"rendered":"http:\/\/www.aavvtempranales.com\/blog\/?page_id=808"},"modified":"2014-09-25T17:14:23","modified_gmt":"2014-09-25T15:14:23","slug":"revision-badenes","status":"publish","type":"page","link":"https:\/\/www.aavvtempranales.com\/blog\/acciones\/revision-badenes\/","title":{"rendered":"Revisi\u00f3n de badenes"},"content":{"rendered":"<h3 style=\"text-align: justify;\"><span style=\"color: #640822;\"><b>Vamos a sacar el metro: estudiamos la adecuaci\u00f3n, a la legislaci\u00f3n vigente, de los mal llamados badenes<\/b><\/span><\/h3>\n<p style=\"text-align: justify;\">Los\u00a0reductores de velocidad, conocidos como badenes, <strong>deben ajustarse a la normativa<\/strong> t\u00e9cnica del Ministerio de Fomento.<\/p>\n<p style=\"text-align: justify;\">Los criterios b\u00e1sicos que deben ser considerados en el proyecto, la ejecuci\u00f3n e instalaci\u00f3n de los reductores de velocidad y bandas transversales se regulan en la <a title=\"Orden FOM\/3053\/2008\" href=\"http:\/\/noticias.juridicas.com\/base_datos\/Admin\/o3053-2008-fom.html\" target=\"_blank\">Orden FOM\/3053\/2008, de 23 de septiembre 2008, por la que se aprueba la Instrucci\u00f3n T\u00e9cnica \u00a0para la instalaci\u00f3n de reductores de velocidad \u00a0y bandas transversales de alerta en carreteras\u00a0de la Red de Carreteras del Estado<\/a>.<\/p>\n<p style=\"text-align: justify;\">Seg\u00fan la citada orden, estas elevaciones de la calzada deben tener al menos un metro de rampa, cuatro de longitud y lo m\u00e1s importante,\u00a0no sobrepasar los diez cent\u00edmetros de altura. De lo contrario, de acuerdo con el Reglamento General de Circulaci\u00f3n, se considerar\u00e1n obst\u00e1culos en la calzada aquellos resaltos en los pasos para peatones y bandas transversales que no cumplan con la regulaci\u00f3n b\u00e1sica establecida.<\/p>\n<p style=\"text-align: justify;\">El 50% de los badenes de nuestro pa\u00eds son m\u00e1s altos de lo que la normativa permite y otros muchos son ilegales por su color. Seg\u00fan la normativa,\u00a0todos deben ser de color blanco\u00a0para evitar deslizamientos y siempre estar bien se\u00f1alizados. Otros ni siquiera est\u00e1n pintados y se pueden confundir con la propia calzada.<\/p>\n<p style=\"text-align: justify;\">Esto es lo que establece que estable la norma para que los reductores\u00a0se adec\u00faen a la legalidad:<\/p>\n<div id=\"attachment_811\" style=\"width: 597px\" class=\"wp-caption aligncenter\"><a href=\"http:\/\/www.aavvtempranales.com\/blog\/wp-content\/uploads\/2014\/03\/badenes_1.jpg\"><img loading=\"lazy\" decoding=\"async\" aria-describedby=\"caption-attachment-811\" class=\"size-full wp-image-811\" src=\"http:\/\/www.aavvtempranales.com\/blog\/wp-content\/uploads\/2014\/03\/badenes_1.jpg\" alt=\"Fotograf\u00eda de la ORDEN FOM\/3053\/2008, de 23 de septiembre 2008, por la que se aprueba la Instrucci\u00f3n T\u00e9cnica para la instalaci\u00f3n de reductores de velocidad y bandas transversales de alerta en carreteras\" width=\"597\" height=\"102\" srcset=\"https:\/\/www.aavvtempranales.com\/blog\/wp-content\/uploads\/2014\/03\/badenes_1.jpg 597w, https:\/\/www.aavvtempranales.com\/blog\/wp-content\/uploads\/2014\/03\/badenes_1-300x51.jpg 300w\" sizes=\"auto, (max-width: 597px) 100vw, 597px\" \/><\/a><p id=\"caption-attachment-811\" class=\"wp-caption-text\">Dimensiones badenes seg\u00fan FOM\/3053\/2008, de 23 de septiembre 2008<\/p><\/div>\n<p>&nbsp;<\/p>\n<div id=\"attachment_812\" style=\"width: 599px\" class=\"wp-caption aligncenter\"><a href=\"http:\/\/www.aavvtempranales.com\/blog\/wp-content\/uploads\/2014\/03\/badenes_2.jpg\"><img loading=\"lazy\" decoding=\"async\" aria-describedby=\"caption-attachment-812\" class=\"size-full wp-image-812\" src=\"http:\/\/www.aavvtempranales.com\/blog\/wp-content\/uploads\/2014\/03\/badenes_2.jpg\" alt=\"Fotograf\u00eda de la ORDEN FOM\/3053\/2008, de 23 de septiembre 2008, por la que se aprueba la Instrucci\u00f3n T\u00e9cnica para la instalaci\u00f3n de reductores de velocidad y bandas transversales de alerta en carreteras\" width=\"599\" height=\"373\" srcset=\"https:\/\/www.aavvtempranales.com\/blog\/wp-content\/uploads\/2014\/03\/badenes_2.jpg 599w, https:\/\/www.aavvtempranales.com\/blog\/wp-content\/uploads\/2014\/03\/badenes_2-300x186.jpg 300w\" sizes=\"auto, (max-width: 599px) 100vw, 599px\" \/><\/a><p id=\"caption-attachment-812\" class=\"wp-caption-text\">Adecuaci\u00f3n de pintura seg\u00fan Orden FOM\/3053\/2008, de 23 de septiembre 2008<\/p><\/div>\n<p style=\"text-align: justify;\">Por ello, la Asociaci\u00f3n de Vecinos solicita la participaci\u00f3n ciudadana invitando a realizar la encuesta que se ha habilitado para conocer los intereses de las vecinas y vecinos del barrio.<\/p>\n<h4><span style=\"color: #74122e;\">Encuesta<\/span><\/h4>\n<p style=\"text-align: justify;\">Han sido m\u00faltiples las quejas recibidas en la Asociaci\u00f3n sobre las incomodidades derivadas de la instalaci\u00f3n de\u00a0reductores de velocidad, conocidos como <strong>badenes<\/strong>. Por ello, se propone a los vecinos y vecinas que participen en la encuesta que se va a realizar para conocer sus opiniones.<\/p>\n<p style=\"text-align: justify;\"><strong>Fechas para votar<\/strong>: entre el 5 y el 15 de marzo <span style=\"color: #ff0000;\"><strong>(PLAZO CERRADO)<\/strong><\/span><\/p>\n<p style=\"text-align: justify;\"><div id=\"polls-3\" class=\"wp-polls\">\n\t\t<p style=\"text-align: center;\"><strong>\u00bfConsideras que los badenes del barrio son adecuados?<\/strong><\/p><div id=\"polls-3-ans\" class=\"wp-polls-ans\"><ul class=\"wp-polls-ul\">\n\t\t<li>S\u00ed <small>(31 votos)<\/small><div class=\"pollbar\" style=\"width: 4%;\" title=\"S\u00ed ( | 31 votos)\"><\/div><\/li>\n\t\t<li>Existen otras medidas m\u00e1s adecuadas (sem\u00e1foros, radares...) <small>(110 votos)<\/small><div class=\"pollbar\" style=\"width: 16%;\" title=\"Existen otras medidas m\u00e1s adecuadas (sem\u00e1foros, radares...) ( | 110 votos)\"><\/div><\/li>\n\t\t<li>No, hemos de solicitar su eliminaci\u00f3n o adecuaci\u00f3n a la normativa <small>(557 votos)<\/small><div class=\"pollbar\" style=\"width: 80%;\" title=\"No, hemos de solicitar su eliminaci\u00f3n o adecuaci\u00f3n a la normativa ( | 557 votos)\"><\/div><\/li>\n\t\t<\/ul><p style=\"text-align: center;\">N\u00famero de votantes: <strong>698<\/strong><\/p><\/div>\n\t\t<input type=\"hidden\" id=\"poll_3_nonce\" name=\"wp-polls-nonce\" value=\"ed79abdadb\" \/>\n<\/div>\n<div id=\"polls-3-loading\" class=\"wp-polls-loading\"><img loading=\"lazy\" decoding=\"async\" src=\"https:\/\/www.aavvtempranales.com\/blog\/wp-content\/plugins\/wp-polls\/images\/loading.gif\" width=\"16\" height=\"16\" alt=\"Cargando ...\" title=\"Cargando ...\" class=\"wp-polls-image\" \/>&nbsp;Cargando ...<\/div>\n<\/p>\n<h4 style=\"text-align: justify;\"><span style=\"color: #74122e;\">Env\u00edanos tus fotos<\/span><\/h4>\n<p style=\"text-align: justify;\">Puedes enviar tus fotograf\u00edas de los badenes que consideres que son inc\u00f3modos o no se ajusten a la normativa.<\/p>\n<p style=\"text-align: justify;\"><span style=\"color: #888888;\">\u00bb<\/span>\u00a0<a title=\"Env\u00edo de fotograf\u00edas de badenes\" href=\"http:\/\/www.aavvtempranales.com\/blog\/acciones\/revision-badenes\/fotos-badenes\/\">Env\u00edo de fotograf\u00edas<\/a><\/p>\n<h4><span style=\"color: #74122e;\">Moci\u00f3n presentada al Pleno del Ayuntamiento<\/span><\/h4>\n<p style=\"text-align: justify;\"><span style=\"color: #888888;\">\u00bb<\/span>\u00a0<a title=\"Solicitud al Pleno\" href=\"http:\/\/www.aavvtempranales.com\/blog\/acciones\/revision-badenes\/mocion-badenes\/\">Moci\u00f3n debatida el 18 de se septiembre de 2014<\/a><\/p>\n<h4 style=\"text-align: justify;\"><span style=\"color: #74122e;\">Noticias relacionadas<\/span><\/h4>\n<p style=\"text-align: justify;\"><span style=\"color: #888888;\">\u00bb<\/span>\u00a0<a title=\"Noticia Gente\" href=\"http:\/\/www.aavvtempranales.com\/blog\/asociacion-2\/noticia-badenes\/\">Noticia publicada en \u00abGente\u00bb\u00a0<\/a><\/p>\n<h4><span style=\"color: #74122e;\">Te puede interesar\u2026<\/span><\/h4>\n<ul>\n<li><a title=\"Otras acciones\" href=\"http:\/\/www.aavvtempranales.com\/blog\/acciones\/\">Otras acciones impulsadas por la Asociaci\u00f3n<\/a><\/li>\n<\/ul>\n","protected":false},"excerpt":{"rendered":"<p>Vamos a sacar el metro: estudiamos la adecuaci\u00f3n, a la legislaci\u00f3n vigente, de los mal llamados badenes Los\u00a0reductores de velocidad, conocidos como badenes, deben ajustarse a la normativa t\u00e9cnica del Ministerio de Fomento. Los criterios b\u00e1sicos que deben ser considerados en el proyecto, la ejecuci\u00f3n e instalaci\u00f3n de los reductores de velocidad y bandas transversales &hellip; <\/p>\n<p><a class=\"more-link btn\" href=\"https:\/\/www.aavvtempranales.com\/blog\/acciones\/revision-badenes\/\">Seguir leyendo<\/a><\/p>\n","protected":false},"author":5,"featured_media":0,"parent":757,"menu_order":4,"comment_status":"closed","ping_status":"open","template":"","meta":{"footnotes":""},"class_list":["post-808","page","type-page","status-publish","hentry","nodate","item-wrap"],"jetpack_sharing_enabled":true,"_links":{"self":[{"href":"https:\/\/www.aavvtempranales.com\/blog\/wp-json\/wp\/v2\/pages\/808","targetHints":{"allow":["GET"]}}],"collection":[{"href":"https:\/\/www.aavvtempranales.com\/blog\/wp-json\/wp\/v2\/pages"}],"about":[{"href":"https:\/\/www.aavvtempranales.com\/blog\/wp-json\/wp\/v2\/types\/page"}],"author":[{"embeddable":true,"href":"https:\/\/www.aavvtempranales.com\/blog\/wp-json\/wp\/v2\/users\/5"}],"replies":[{"embeddable":true,"href":"https:\/\/www.aavvtempranales.com\/blog\/wp-json\/wp\/v2\/comments?post=808"}],"version-history":[{"count":14,"href":"https:\/\/www.aavvtempranales.com\/blog\/wp-json\/wp\/v2\/pages\/808\/revisions"}],"predecessor-version":[{"id":1369,"href":"https:\/\/www.aavvtempranales.com\/blog\/wp-json\/wp\/v2\/pages\/808\/revisions\/1369"}],"up":[{"embeddable":true,"href":"https:\/\/www.aavvtempranales.com\/blog\/wp-json\/wp\/v2\/pages\/757"}],"wp:attachment":[{"href":"https:\/\/www.aavvtempranales.com\/blog\/wp-json\/wp\/v2\/media?parent=808"}],"curies":[{"name":"wp","href":"https:\/\/api.w.org\/{rel}","templated":true}]}}